{"id":30,"date":"2015-05-25T21:03:35","date_gmt":"2015-05-25T21:03:35","guid":{"rendered":"http:\/\/www.arcw.il.pw.edu.pl\/?page_id=30"},"modified":"2016-01-19T13:31:55","modified_gmt":"2016-01-19T13:31:55","slug":"o-projekcie","status":"publish","type":"page","link":"https:\/\/www.arcw.il.pw.edu.pl\/?page_id=30&lang=pl","title":{"rendered":"O projekcie"},"content":{"rendered":"<p><strong>Numer projektu<\/strong>: 2013-1-PL1-LEO05-37525<\/p>\n<p><strong>Tytu\u0142 projektu <\/strong>(w j. polskim):<\/p>\n<p style=\"padding-left: 60px;\">ARCW \u2013 Procedury bezpiecze\u0144stwa przy monta\u017cu \u015bcian os\u0142onowych<br \/>\nwspomagane technologi\u0105 rzeczywisto\u015bci rozszerzonej<\/p>\n<p><strong>Tytu\u0142 projektu<\/strong> (w j. roboczym projektu):<\/p>\n<p style=\"padding-left: 60px;\">ARCW \u2013 Health and safety procedures for curtain walls<br \/>\nwith the use of Augmented Reality Technology<\/p>\n<p><strong>Nazwa instytucji wnioskodawcy<\/strong>:<br \/>\n<a href=\"http:\/\/www.psmb.pl\/\" target=\"_blank\">Polskie Stowarzyszenie Mened\u017cer\u00f3w Budownictwa, PL<\/a><\/p>\n<p><strong>Nazwy instytucji partnerskich i kraje<\/strong><strong> pochodzenia:<\/strong><\/p>\n<p><a href=\"http:\/\/www.tu-darmstadt.de\/\" target=\"_blank\">Technische Universit\u00e4t Darmstadt, DE<\/a><br \/>\n<a href=\"https:\/\/www.il.pw.edu.pl\/\" target=\"_blank\">Wydzia\u0142 In\u017cynierii L\u0105dowej Politechnika Warszawska, PL<\/a><br \/>\n<a href=\"http:\/\/www.fundacionlaboral.org\/\" target=\"_blank\">Fundaci\u00f3n Laboral de la Construcci\u00f3n, ES<\/a><br \/>\n<a href=\"http:\/\/www.uv.es\/\" target=\"_blank\">Universitat de VALENCIA, ES<\/a><br \/>\n<a href=\"http:\/\/www.eljako-al.pl\/\" target=\"_blank\">ELJAKO-AL Sp. z o.o., PL<\/a><\/p>\n<p><strong><br \/>\nCzas trwania<\/strong> (liczba miesi\u0119cy): 24 miesi\u0105ce<\/p>\n<p><strong>Ca\u0142kowity bud\u017cet projektu<\/strong> (Euro): 371670.00<\/p>\n<p><strong>Wnioskowana kwota dotacji<\/strong> (Euro): 278752.50<\/p>\n<p><strong>Priorytet europejski <\/strong>(numer priorytetu z wniosku D.2.3): LEO-TraInno-12<\/p>\n<p>&nbsp;<\/p>\n<p style=\"text-align: justify;\"><strong>Cel projektu: <\/strong><\/p>\n<p style=\"text-align: justify;\">Celem projektu jest zmniejszenie liczby wypadk\u00f3w podczas wznoszenia wysokich budynk\u00f3w, zw\u0142aszcza podczas monta\u017cu \u015bcian os\u0142onowych. Obecne metody szkoleniowe w zakresie bezpiecze\u0144stwa podczas takich prac s\u0105 niewystarczaj\u0105ce, a uczelnie techniczne cz\u0119sto nie ucz\u0105 swoich student\u00f3w (kt\u00f3rzy w przysz\u0142o\u015bci b\u0119d\u0105 kierowa\u0107 takim robotami) o \u015brodkach ochrony przed wypadkami. Upadki z wysoko\u015bci s\u0105 tymczasem najcz\u0119stsz\u0105 przyczyn\u0105 powa\u017cnych wypadk\u00f3w, cz\u0119sto \u015bmiertelnych, nie tylko w Polsce, ale w ca\u0142ej Europie. Istnieje olbrzymia potrzeba podniesienia poziomu bezpiecze\u0144stwa i higieny pracy. Problem ten zosta\u0142 podniesiony w europejskiej dyrektywie 2001\/45\/WE, kt\u00f3ra zobowi\u0105zuje do podj\u0119cia odpowiednich \u015brodk\u00f3w w celu poprawy bezpiecze\u0144stwa w pracy.<\/p>\n<p style=\"text-align: justify;\">Cel ten zostanie osi\u0105gni\u0119ty poprzez zastosowanie nowoczesnych materia\u0142\u00f3w szkoleniowych z wykorzystaniem rzeczywisto\u015bci rozszerzonej (Augmented Reality \u2013 AR). Szczeg\u00f3lny nacisk po\u0142o\u017cony zostanie na stosowanie odpowiednich, efektywnych technologii monta\u017cu, przy jednoczesnym zachowaniu maksymalnego poziomu bezpiecze\u0144stwa.<\/p>\n<p style=\"text-align: justify;\"><strong>Opis planowanych dzia\u0142a\u0144 i roli partner\u00f3w: <\/strong><\/p>\n<p style=\"text-align: justify;\">Projekt wykorzystuje bogate do\u015bwiadczenia partner\u00f3w wyniesione z poprzednich realizowanych przez nich projekt\u00f3w. Polskie Stowarzyszenie Mened\u017cer\u00f3w Budownictwa (PSMB) by\u0142o odpowiedzialne za globaln\u0105 koordynacj\u0119 projektu i rozw\u00f3j strony internetowej projektu. Wszyscy partnerzy, z wyj\u0105tkiem Universitat de VALENCIA (UV),\u00a0 wsp\u00f3\u0142pracowali przy analizie technologii \u015bcian os\u0142onowych, a nast\u0119pnie wyborze technologii do wykorzystania w planowanym systemie szkoleniowym. Jednym z g\u0142\u00f3wnych kryteri\u00f3w wyboru by\u0142o bezpiecze\u0144stwo rob\u00f3t. Na tym etapie projektu prace poprowadzi\u0142a Politechnika Warszawska (PW) we wsp\u00f3\u0142pracy z Technische Universit\u00e4t Darmstadt (Darm) i Eljako-Al.<\/p>\n<p style=\"text-align: justify;\">Wybrane technologie zosta\u0142y dok\u0142adnie przeanalizowane w celu opisania adekwatnych dzia\u0142a\u0144 i \u015brodk\u00f3w bezpiecze\u0144stwa. Rezultatem jest szczeg\u00f3\u0142owy raport o technologii \u015bcian os\u0142onowych. Za ten etap projektu odpowiada\u0142o Eljako-Al., korzystaj\u0105c z pomocy Darm, PW i UV.<\/p>\n<p style=\"text-align: justify;\">Wybrane technologie zosta\u0142y zaprogramowane w technologii AR przez UV z pomoc\u0105 Darm, PW i EA. W rezultacie opracowane zosta\u0142o nowoczesne oprogramowanie, kt\u00f3re by\u0142o testowane przez FLC i PSMB (i innych partner\u00f3w). Wyniki bada\u0144 zosta\u0142y przekazane do UV w celu poprawy oprogramowania \/ systemu szkolenia.<\/p>\n<p style=\"text-align: justify;\">Wszyscy partnerzy projektu brali czynny udzia\u0142 w rozpowszechnianiu wynik\u00f3w projektu i promowaniu jego u\u017cytkowania. DARM by\u0142o odpowiedzialne za ten etap projektu. W celu intensywnej promocji produkt\u00f3w projektu, partnerzy spotkali si\u0119 z przedstawicielami 15 europejskich stowarzysze\u0144 mened\u017cer\u00f3w \/ in\u017cynier\u00f3w budowlanych zrzeszonych w AEEBC (The Association of European Building Surveyors and Construction Experts), podczas Walnego Zgromadzenia tej organizacji. Zapewni\u0142o to transfer rezultat\u00f3w do 12 kraj\u00f3w europejskich (Polska, Hiszpania, Niemcy, Belgia, Finlandia, Holandia, Szwecja, Irlandia, Anglia, Dania, Francja, W\u0142ochy). Projekt by\u0142 r\u00f3wnie\u017c promowany w prasie technicznej i podczas konferencji mi\u0119dzynarodowych. Projekt zako\u0144czy\u0142 si\u0119 podczas konferencji w Miko\u0142ajkach w Listopadzie roku 2015..<\/p>\n<p style=\"text-align: justify;\"><strong>Rezultaty\/produkty projektu:<\/strong><\/p>\n<p style=\"text-align: justify;\">&#8211; Raport o technologii monta\u017cu \u015bcian os\u0142onowych<\/p>\n<p style=\"text-align: justify;\">&#8211; Podr\u0119cznik dotycz\u0105cy bezpiecze\u0144stwa oraz prawid\u0142owych procedur pracy podczas monta\u017cu \u015bcian os\u0142onowych<\/p>\n<p style=\"text-align: justify;\">&#8211; Oprogramowanie wykorzystuj\u0105ce rzeczywisto\u015b\u0107 rozszerzon\u0105, kt\u00f3re pomo\u017ce zachowa\u0107 robotnikom bezpiecze\u0144stwo i poprawn\u0105 technik\u0119 podczas wybranych procedur monta\u017cu \u015bcian os\u0142onowych. B\u0119dzie ono mog\u0142o by\u0107 wykorzystane zar\u00f3wno podczas szkole\u0144, jak i podczas pracy na budowie. Zapewni ono zwi\u0119kszenie efektywno\u015bci szkole\u0144 przy jednoczesnej minimalizacji czasu i koszt\u00f3w, oraz popraw\u0119 bezpiecze\u0144stwa pracownik\u00f3w i zmniejszenie ilo\u015bci wypadk\u00f3w (w tym \u015bmiertelnych) na placach bud\u00f3w w Polsce i w innych krajach europejskich.<\/p>\n<p style=\"text-align: justify;\">&#8211; Strona internetowa projektu.<\/p>\n","protected":false},"excerpt":{"rendered":"<p>Numer projektu: 2013-1-PL1-LEO05-37525 Tytu\u0142 projektu (w j. polskim): ARCW \u2013 Procedury bezpiecze\u0144stwa przy monta\u017cu \u015bcian os\u0142onowych wspomagane technologi\u0105 rzeczywisto\u015bci rozszerzonej Tytu\u0142 projektu (w j. roboczym projektu): ARCW \u2013 Health and safety procedures for curtain walls with the use of Augmented Reality Technology Nazwa instytucji wnioskodawcy: Polskie Stowarzyszenie Mened\u017cer\u00f3w Budownictwa, PL Nazwy instytucji partnerskich i kraje &hellip; <a href=\"https:\/\/www.arcw.il.pw.edu.pl\/?page_id=30&#038;lang=pl\" class=\"more-link\">Continue reading <span class=\"screen-reader-text\">O projekcie<\/span> <span class=\"meta-nav\">&rarr;<\/span><\/a><\/p>\n","protected":false},"author":1,"featured_media":0,"parent":0,"menu_order":0,"comment_status":"closed","ping_status":"closed","template":"","meta":{"ngg_post_thumbnail":0,"footnotes":""},"class_list":["post-30","page","type-page","status-publish","hentry"],"_links":{"self":[{"href":"https:\/\/www.arcw.il.pw.edu.pl\/index.php?rest_route=\/wp\/v2\/pages\/30","targetHints":{"allow":["GET"]}}],"collection":[{"href":"https:\/\/www.arcw.il.pw.edu.pl\/index.php?rest_route=\/wp\/v2\/pages"}],"about":[{"href":"https:\/\/www.arcw.il.pw.edu.pl\/index.php?rest_route=\/wp\/v2\/types\/page"}],"author":[{"embeddable":true,"href":"https:\/\/www.arcw.il.pw.edu.pl\/index.php?rest_route=\/wp\/v2\/users\/1"}],"replies":[{"embeddable":true,"href":"https:\/\/www.arcw.il.pw.edu.pl\/index.php?rest_route=%2Fwp%2Fv2%2Fcomments&post=30"}],"version-history":[{"count":5,"href":"https:\/\/www.arcw.il.pw.edu.pl\/index.php?rest_route=\/wp\/v2\/pages\/30\/revisions"}],"predecessor-version":[{"id":402,"href":"https:\/\/www.arcw.il.pw.edu.pl\/index.php?rest_route=\/wp\/v2\/pages\/30\/revisions\/402"}],"wp:attachment":[{"href":"https:\/\/www.arcw.il.pw.edu.pl\/index.php?rest_route=%2Fwp%2Fv2%2Fmedia&parent=30"}],"curies":[{"name":"wp","href":"https:\/\/api.w.org\/{rel}","templated":true}]}}