{"id":46,"date":"2015-05-26T08:08:33","date_gmt":"2015-05-26T08:08:33","guid":{"rendered":"http:\/\/www.arcw.il.pw.edu.pl\/?page_id=46"},"modified":"2015-05-26T08:08:33","modified_gmt":"2015-05-26T08:08:33","slug":"contact","status":"publish","type":"page","link":"https:\/\/www.arcw.il.pw.edu.pl\/?page_id=46&lang=en","title":{"rendered":"Contact"},"content":{"rendered":"<p class=\"center\"><strong>Polskie Stowarzyszenie Mened\u017cer\u00f3w Budownictwa<br \/>\n(Polish Association of Building Managers)<br \/>\n<\/strong><\/p>\n<p>ul. Pow\u0105zkowska 44c<br \/>\n01-797 Warszawa<br \/>\nPOLAND<\/p>\n<p>phone: +48 22 326 00 03<br \/>\ncell phone.: +48 609 518 660<\/p>\n<p>e-mail: <a href=\"mailto:psmb@psmb.pl\">psmb@psmb.pl<\/a><\/p>\n","protected":false},"excerpt":{"rendered":"<p>Polskie Stowarzyszenie Mened\u017cer\u00f3w Budownictwa (Polish Association of Building Managers) ul. Pow\u0105zkowska 44c 01-797 Warszawa POLAND phone: +48 22 326 00 03 cell phone.: +48 609 518 660 e-mail: psmb@psmb.pl<\/p>\n","protected":false},"author":1,"featured_media":0,"parent":0,"menu_order":0,"comment_status":"closed","ping_status":"closed","template":"","meta":{"ngg_post_thumbnail":0,"footnotes":""},"class_list":["post-46","page","type-page","status-publish","hentry"],"_links":{"self":[{"href":"https:\/\/www.arcw.il.pw.edu.pl\/index.php?rest_route=\/wp\/v2\/pages\/46","targetHints":{"allow":["GET"]}}],"collection":[{"href":"https:\/\/www.arcw.il.pw.edu.pl\/index.php?rest_route=\/wp\/v2\/pages"}],"about":[{"href":"https:\/\/www.arcw.il.pw.edu.pl\/index.php?rest_route=\/wp\/v2\/types\/page"}],"author":[{"embeddable":true,"href":"https:\/\/www.arcw.il.pw.edu.pl\/index.php?rest_route=\/wp\/v2\/users\/1"}],"replies":[{"embeddable":true,"href":"https:\/\/www.arcw.il.pw.edu.pl\/index.php?rest_route=%2Fwp%2Fv2%2Fcomments&post=46"}],"version-history":[{"count":1,"href":"https:\/\/www.arcw.il.pw.edu.pl\/index.php?rest_route=\/wp\/v2\/pages\/46\/revisions"}],"predecessor-version":[{"id":47,"href":"https:\/\/www.arcw.il.pw.edu.pl\/index.php?rest_route=\/wp\/v2\/pages\/46\/revisions\/47"}],"wp:attachment":[{"href":"https:\/\/www.arcw.il.pw.edu.pl\/index.php?rest_route=%2Fwp%2Fv2%2Fmedia&parent=46"}],"curies":[{"name":"wp","href":"https:\/\/api.w.org\/{rel}","templated":true}]}}