{"id":48,"date":"2015-05-26T08:09:19","date_gmt":"2015-05-26T08:09:19","guid":{"rendered":"http:\/\/www.arcw.il.pw.edu.pl\/?page_id=48"},"modified":"2018-10-30T16:52:58","modified_gmt":"2018-10-30T16:52:58","slug":"dokumenty","status":"publish","type":"page","link":"https:\/\/www.arcw.il.pw.edu.pl\/?page_id=48&lang=pl","title":{"rendered":"Rezultaty"},"content":{"rendered":"<p>Uwaga: w przypadku problem\u00f3w z linkami do rezultat\u00f3w projekt\u00f3w prosz\u0119 klikn\u0105\u0107 tu: <a href=\"https:\/\/chmura.il.pw.edu.pl\/index.php\/s\/VLmVWWGZFRREwoo\" target=\"_blank\" rel=\"noopener\">DODATKOWY LINK DO REZULTAT\u00d3W<\/a><\/p>\n<p>Rezultaty projektu:<\/p>\n<ul>\n<li>Raport o technologii monta\u017cu \u015bcian os\u0142onowych;<\/li>\n<li>Podr\u0119cznik dotycz\u0105cy bezpiecze\u0144stwa oraz prawid\u0142owych procedur pracy podczas monta\u017cu \u015bcian os\u0142onowych;<\/li>\n<li>Oprogramowanie wykorzystuj\u0105ce rzeczywisto\u015b\u0107 rozszerzon\u0105;<\/li>\n<li>Strona internetowa projektu.<\/li>\n<\/ul>\n<p><a href=\"https:\/\/play.google.com\/store\/apps\/details?id=es.uv.ARTEC.arcw\">Pod tym linkiem pobra\u0107 mo\u017cna aplikacj\u0119 w wersji ANDROID.<\/a><br \/>\n<a href=\"https:\/\/itunes.apple.com\/us\/app\/arcw-app\/id1070494639?mt=8\">Pod tym linkiem pobra\u0107 mo\u017cna aplikacj\u0119 w wersji iOS.<\/a><\/p>\n<p>W celu poznania zasad u\u017cytkowania aplikacji, pobrania marker\u00f3w oraz aplikacji ARCW, zapraszamy r\u00f3wnie\u017c na nasz profil na portalu spo\u0142eczno\u015bciowym facebook:<br \/>\n<a href=\"https:\/\/www.facebook.com\/ARCWapplication2015\/\">www.facebook.com\/ARCWapplication2015 &#8211; wersja polska<\/a><br \/>\n<a href=\"https:\/\/www.facebook.com\/ARCW-ENG-1656774917920253\">www.facebook.com\/ARCWapplication2015 &#8211; wersja angielska<\/a><br \/>\n<a href=\"https:\/\/www.facebook.com\/AppARCW\">www.facebook.com\/ARCWapplication2015 &#8211; wersja hiszpa\u0144ska<\/a><\/p>\n<p>IOS &#8211; instrukcja instalacji:<br \/>\n<iframe loading=\"lazy\" src=\"https:\/\/www.youtube.com\/embed\/36_IMgXKSsE\" allowfullscreen=\"allowfullscreen\" width=\"420\" height=\"315\" frameborder=\"0\"><\/iframe><br \/>\n<a href=\"https:\/\/www.adam-europe.eu\/prj\/11267\/prj\/additional%20result%20-%20%20iOS%20installation%20guide.avi\">Film do pobrania pod tym linkiem.<\/a><\/p>\n<p>Android instrukcja instalacji:<br \/>\n<iframe loading=\"lazy\" src=\"https:\/\/www.youtube.com\/embed\/TgZDF_0_8zY\" allowfullscreen=\"allowfullscreen\" width=\"420\" height=\"315\" frameborder=\"0\"><\/iframe><br \/>\n<a href=\"https:\/\/www.adam-europe.eu\/prj\/11267\/prj\/additional%20result%20-%20android%20installation%20guide.avi\">Film do pobrania pod tym linkiem.<\/a><\/p>\n<p>Procedura 1 &#8211; krok po kroku:<br \/>\n<iframe loading=\"lazy\" src=\"https:\/\/www.youtube.com\/embed\/Epr2EqR_xP8\" allowfullscreen=\"allowfullscreen\" width=\"420\" height=\"315\" frameborder=\"0\"><\/iframe><br \/>\n<a href=\"https:\/\/www.adam-europe.eu\/prj\/11267\/prj\/additional%20result%20-%20procedure%201%20guide.avi\">Film do pobrania pod tym linkiem.<\/a><\/p>\n<p>Procedura 4 &#8211; krok po kroku:<br \/>\n<iframe loading=\"lazy\" src=\"https:\/\/www.youtube.com\/embed\/f9Af8L7OFn0\" allowfullscreen=\"allowfullscreen\" width=\"420\" height=\"315\" frameborder=\"0\"><\/iframe><br \/>\n<a href=\"https:\/\/www.adam-europe.eu\/prj\/11267\/prj\/additional%20result%20-%20procedure%204%20guide.avi\">Film do pobrania pod tym linkiem.<\/a><\/p>\n<p>Procedura 6 &#8211; krok po kroku:<br \/>\n<iframe loading=\"lazy\" src=\"https:\/\/www.youtube.com\/embed\/CWHWp0LCuic\" allowfullscreen=\"allowfullscreen\" width=\"420\" height=\"315\" frameborder=\"0\"><\/iframe><br \/>\n<a href=\"https:\/\/www.adam-europe.eu\/prj\/11267\/prj\/additional%20result%20-%20procedure%206%20guide.avi\">Film do pobrania pod tym linkiem.<\/a><\/p>\n<p><a href=\"https:\/\/www.adam-europe.eu\/prj\/11267\/prj\/ENG%20MARKERS%20SET%202015.pdf\">Pod tym linkiem pobra\u0107 mo\u017cna zbi\u00f3r marker\u00f3w AR w j\u0119zyku angielskim.<\/a><br \/>\n<a href=\"https:\/\/www.adam-europe.eu\/prj\/11267\/prj\/PL%20MARKERY%202015.pdf\">Pod tym linkiem pobra\u0107 mo\u017cna zbi\u00f3r marker\u00f3w AR w j\u0119zyku polskim.<\/a><\/p>\n<p><a href=\"https:\/\/www.adam-europe.eu\/prj\/11267\/prd\/1\/2\/Report%20DE.pdf\">Pod tym linkiem pobra\u0107 mo\u017cna raport w j\u0119zyku niemieckim.<\/a><br \/>\n<a href=\"https:\/\/www.adam-europe.eu\/prj\/11267\/prd\/1\/2\/Report%20ENG.pdf\">Pod tym linkiem pobra\u0107 mo\u017cna raport w j\u0119zyku angielskim.<\/a><br \/>\n<a href=\"https:\/\/www.adam-europe.eu\/prj\/11267\/prd\/1\/2\/Report%20ES.pdf\">Pod tym linkiem pobra\u0107 mo\u017cna raport w j\u0119zyku hiszpa\u0144skim.<\/a><br \/>\n<a href=\"https:\/\/www.adam-europe.eu\/prj\/11267\/prd\/1\/2\/Report%20PL.pdf\">Pod tym linkiem pobra\u0107 mo\u017cna raport w j\u0119zyku polskim.<\/a><\/p>\n<p><a href=\"https:\/\/www.adam-europe.eu\/prj\/11267\/prd\/4\/2\/Manual%20DE.pdf\">Pod tym linkiem pobra\u0107 mo\u017cna podr\u0119cznik w j\u0119zyku niemieckim.<\/a><br \/>\n<a href=\"https:\/\/www.adam-europe.eu\/prj\/11267\/prd\/4\/2\/Manual%20ENG.pdf\">Pod tym linkiem pobra\u0107 mo\u017cna podr\u0119cznik w j\u0119zyku angielskim.<\/a><br \/>\n<a href=\"https:\/\/www.adam-europe.eu\/prj\/11267\/prd\/4\/2\/Manual%20ES.pdf\">Pod tym linkiem pobra\u0107 mo\u017cna podr\u0119cznik w j\u0119zyku hiszpa\u0144skim.<\/a><br \/>\n<a href=\"https:\/\/www.adam-europe.eu\/prj\/11267\/prd\/4\/2\/Manual%20PL.pdf\">Pod tym linkiem pobra\u0107 mo\u017cna podr\u0119cznik w j\u0119zyku polskim.<\/a><\/p>\n<p><a href=\"http:\/\/www.adam-europe.eu\/prj\/11267\/prj\/additional%20result%20-%20curtain%20wall%20assembly%20-%20DE.mp4\">Pod tym linkiem pobra\u0107 mo\u017cna film o monta\u017cu \u015bcian os\u0142onowych w j\u0119zyku niemieckim.<\/a><br \/>\n<a href=\"http:\/\/www.adam-europe.eu\/prj\/11267\/prj\/additional%20result%20-%20curtain%20wall%20assembly%20-%20ENG.mp4\">Pod tym linkiem pobra\u0107 mo\u017cna film o monta\u017cu \u015bcian os\u0142onowych w j\u0119zyku angielskim.<\/a><br \/>\n<a href=\"http:\/\/www.adam-europe.eu\/prj\/11267\/prj\/additional%20result%20-%20curtain%20wall%20assembly%20-%20ES.WMV\">Pod tym linkiem pobra\u0107 mo\u017cna film o monta\u017cu \u015bcian os\u0142onowych w j\u0119zyku hiszpa\u0144skim.<\/a><br \/>\n<a href=\"http:\/\/www.adam-europe.eu\/prj\/11267\/prj\/additional%20result%20-%20curtain%20wall%20assembly%20-%20PL.mp4\">Pod tym linkiem pobra\u0107 mo\u017cna film o monta\u017cu \u015bcian os\u0142onowych w j\u0119zyku polskim.<\/a><\/p>\n<p><a href=\"https:\/\/www.adam-europe.eu\/prj\/11267\/prj\/LDV%20ARCW%20DISSEMINATION%20REPORT%202013-2015%20FINAL.pdf\">Pod tym linkiem pobra\u0107 mo\u017cna pe\u0142en raport upowrzechniaj\u0105cy w j\u0119zyku angielskim.<\/a><\/p>\n","protected":false},"excerpt":{"rendered":"<p>Uwaga: w przypadku problem\u00f3w z linkami do rezultat\u00f3w projekt\u00f3w prosz\u0119 klikn\u0105\u0107 tu: DODATKOWY LINK DO REZULTAT\u00d3W Rezultaty projektu: Raport o technologii monta\u017cu \u015bcian os\u0142onowych; Podr\u0119cznik dotycz\u0105cy bezpiecze\u0144stwa oraz prawid\u0142owych procedur pracy podczas monta\u017cu \u015bcian os\u0142onowych; Oprogramowanie wykorzystuj\u0105ce rzeczywisto\u015b\u0107 rozszerzon\u0105; Strona internetowa projektu. Pod tym linkiem pobra\u0107 mo\u017cna aplikacj\u0119 w wersji ANDROID. Pod tym linkiem pobra\u0107 &hellip; <a href=\"https:\/\/www.arcw.il.pw.edu.pl\/?page_id=48&#038;lang=pl\" class=\"more-link\">Continue reading <span class=\"screen-reader-text\">Rezultaty<\/span> <span class=\"meta-nav\">&rarr;<\/span><\/a><\/p>\n","protected":false},"author":1,"featured_media":0,"parent":0,"menu_order":0,"comment_status":"closed","ping_status":"closed","template":"","meta":{"ngg_post_thumbnail":0,"footnotes":""},"class_list":["post-48","page","type-page","status-publish","hentry"],"_links":{"self":[{"href":"https:\/\/www.arcw.il.pw.edu.pl\/index.php?rest_route=\/wp\/v2\/pages\/48","targetHints":{"allow":["GET"]}}],"collection":[{"href":"https:\/\/www.arcw.il.pw.edu.pl\/index.php?rest_route=\/wp\/v2\/pages"}],"about":[{"href":"https:\/\/www.arcw.il.pw.edu.pl\/index.php?rest_route=\/wp\/v2\/types\/page"}],"author":[{"embeddable":true,"href":"https:\/\/www.arcw.il.pw.edu.pl\/index.php?rest_route=\/wp\/v2\/users\/1"}],"replies":[{"embeddable":true,"href":"https:\/\/www.arcw.il.pw.edu.pl\/index.php?rest_route=%2Fwp%2Fv2%2Fcomments&post=48"}],"version-history":[{"count":14,"href":"https:\/\/www.arcw.il.pw.edu.pl\/index.php?rest_route=\/wp\/v2\/pages\/48\/revisions"}],"predecessor-version":[{"id":578,"href":"https:\/\/www.arcw.il.pw.edu.pl\/index.php?rest_route=\/wp\/v2\/pages\/48\/revisions\/578"}],"wp:attachment":[{"href":"https:\/\/www.arcw.il.pw.edu.pl\/index.php?rest_route=%2Fwp%2Fv2%2Fmedia&parent=48"}],"curies":[{"name":"wp","href":"https:\/\/api.w.org\/{rel}","templated":true}]}}