{"id":52,"date":"2015-05-26T08:11:26","date_gmt":"2015-05-26T08:11:26","guid":{"rendered":"http:\/\/www.arcw.il.pw.edu.pl\/?page_id=52"},"modified":"2016-01-23T13:56:51","modified_gmt":"2016-01-23T13:56:51","slug":"partnerstwo","status":"publish","type":"page","link":"https:\/\/www.arcw.il.pw.edu.pl\/?page_id=52&lang=pl","title":{"rendered":"Partnerstwo"},"content":{"rendered":"<p><strong>Promotor:<\/strong><\/p>\n<p><a href=\"http:\/\/www.psmb.pl\" target=\"_blank\">Polskie Stowarzyszenie Mened\u017cer\u00f3w Budownictwa, PL<\/a><\/p>\n<p><img loading=\"lazy\" decoding=\"async\" class=\" alignnone\" src=\"http:\/\/www.arcw.il.pw.edu.pl\/wp-content\/uploads\/2015\/05\/logo-PSMB-z-bialym-tlem.gif\" alt=\"\" width=\"220\" height=\"310\" \/><\/p>\n<p>PSMB powo\u0142ano we wsp\u00f3\u0142pracy z The Association of European Building Surveyors and Construction Experts (AEEBC) oraz The Chartered Institute of Building (CIOB) \u2013 mi\u0119dzynarodowymi organizacjami zrzeszaj\u0105cymi podmioty i instytucje pa\u0144stw europejskich, w celu kszta\u0142cenia i certyfikacji kwalifikacji mened\u017cerskich kadr budownictwa.<br \/>\nPSMB dzia\u0142a na zasadzie non profit nie korzystaj\u0105c z \u017cadnych preferencji, ani ustawowego nakazu przynale\u017cno\u015bci do okre\u015blonych organizacji zawodowych.<br \/>\nMerytoryczne podstawy dzia\u0142alno\u015bci Stowarzyszenia opracowano i sformu\u0142owano przy wsparciu \u015brodk\u00f3w unijnych, w celu wyr\u00f3wnania kwalifikacji polskich mened\u017cer\u00f3w budownictwa do standard\u00f3w europejskich oraz przygotowania ich do prowadzenia dzia\u0142alno\u015bci gospodarczej na rynku mi\u0119dzynarodowym. <a href=\"http:\/\/www.psmb.pl\/arcw\/\" target=\"_blank\">Informacja o projekcie na stronie organizacji.<\/a><br \/>\nG\u0142\u00f3wne cele i zadania PSMB:<\/p>\n<ul>\n<li>Wspomaganie in\u017cynier\u00f3w w uzyskaniu kwalifikacji mened\u017cerskich, niezb\u0119dnych do dzia\u0142alno\u015bci gospodarczej w budownictwie.<\/li>\n<li>Pomoc w rozpoznaniu kompetencji mened\u017cerskich na rynku Unii Europejskiej.<\/li>\n<li>Integracja dzia\u0142alno\u015bci mened\u017cerskiej w budownictwie.<\/li>\n<li>Wsp\u00f3\u0142praca z pokrewnymi stowarzyszeniami zagranicznymi w celu wymiany do\u015bwiadcze\u0144.<\/li>\n<li>Reprezentowanie stanowiska polskich mened\u017cer\u00f3w oraz interesu przedsi\u0119biorstw budowlanych, wobec administracji pa\u0144stwa z uwzgl\u0119dnieniem powstaj\u0105cych akt\u00f3w prawnych.<\/li>\n<li>Promowanie zabezpiecze\u0144 sfery publicznej od niepewnych i nieprofesjonalnych praktyk i zachowa\u0144 w budownictwie.<\/li>\n<li>Weryfikacja \u2013 uzyskanych w dzia\u0142alno\u015bci gospodarczej \u2013 kwalifikacji mened\u017cerskich in\u017cynier\u00f3w, w celu zakwalifikowania ich do odpowiedniej specjalno\u015bci zawodowej.<\/li>\n<li>Certyfikacja oraz nadawanie okre\u015blonej kategorii (stopnia) cz\u0142onkostwa w Stowarzyszeniu.<\/li>\n<li>Tworzenie merytorycznych i formalnych podstaw uznawania kwalifikacji mened\u017cerskich w Unii Europejskiej.<\/li>\n<li>U\u0142atwianie poszerzania kwalifikacji i zwi\u0119kszania mened\u017cerskich umiej\u0119tno\u015bci w budownictwie (m.in. poprzez uruchomienie mened\u017cerskich studi\u00f3w uzupe\u0142niaj\u0105cych dla absolwent\u00f3w wy\u017cszych uczelni technicznych).<\/li>\n<li>Przyj\u0119cie, ocena i weryfikacja wniosk\u00f3w kandydat\u00f3w ubiegaj\u0105cych si\u0119 o status Europejskiego Eksperta Budowlanego, zgodnie z wymogami oraz standardami AEEBC.<\/li>\n<li>Ponoszenie odpowiedzialno\u015bci za ocen\u0119 rekomendowanych kandydat\u00f3w, dopuszczonych do II etapu kwalifikacji na szczeblu europejskim.<\/li>\n<\/ul>\n<p>&nbsp;<\/p>\n<p><strong>Partnerzy:<\/strong><\/p>\n<p><a href=\"http:\/\/www.tu-darmstadt.de\/\" target=\"_blank\">Technische Universit\u00e4t Darmstadt, DE<\/a><\/p>\n<p><img loading=\"lazy\" decoding=\"async\" class=\"alignnone\" src=\"http:\/\/www.arcw.il.pw.edu.pl\/wp-content\/uploads\/2015\/05\/DARM-logo.png\" alt=\"\" width=\"263\" height=\"109\" \/><\/p>\n<p>Instytut Technologii i Zarz\u0105dzania w Budownictwie jest wiod\u0105cym instytutem na Wydziale In\u017cynierii L\u0105dowej i Geodezji Technische Universit\u00e4t Darmstadt (Politechnika w Darmstadt). Jego personel sk\u0142ada si\u0119 z jednego profesora zwyczajnego (prof Motzko), jednego wyk\u0142adowcy (dr Klingenberger), trzech profesor\u00f3w nadzwyczajnych oraz 15 asystent\u00f3w naukowych. G\u0142\u00f3wne obszary bada\u0144 to: Symulacje i Kontroling (symulacja w czasie rzeczywistym, monitorowanie i kontrolowanie prac budowlanych; Zarz\u0105dzanie \u0142a\u0144cuchem dostaw); Organizacja w budownictwie (Bezpiecze\u0144stwo i Higiena Pracy w Budownictwie, alokacja ryzyka projektu w kontraktach budowlanych); Process Engineering (Automatyka w technologii budowlanej, Beton architektoniczny, technologia deskowania); Nieruchomo\u015bci i Facility Management. <a href=\"http:\/\/www.baubetrieb.tu-darmstadt.de\/menu_institut_fuer_baubetrieb\/menu_aktuelles\/ref_aktuelles.de.jsp\" target=\"_blank\">Informacja o projekcie na stronie organizacji.<\/a><\/p>\n<p>&nbsp;<\/p>\n<p><a href=\"https:\/\/www.il.pw.edu.pl\/\" target=\"_blank\">Wydzia\u0142 In\u017cynierii L\u0105dowej Politechnika Warszawska, PL<\/a><\/p>\n<p><img loading=\"lazy\" decoding=\"async\" class=\"alignnone\" src=\"http:\/\/www.arcw.il.pw.edu.pl\/wp-content\/uploads\/2015\/05\/logo_pw.png\" alt=\"\" width=\"198\" height=\"198\" \/><\/p>\n<p>Wydzia\u0142 In\u017cynierii L\u0105dowej powsta\u0142 w 1915 roku jako jeden z trzech najstarszych wydzia\u0142\u00f3w uczelni, ale jego tradycje si\u0119gaj\u0105 pocz\u0105tk\u00f3w XIX wieku. Obecnie mie\u015bci si\u0119 we w\u0142asnym gmachu przy al. Armii Ludowej 16, gdzie znajduje si\u0119 wi\u0119kszo\u015b\u0107 sal wyk\u0142adowych oraz laboratori\u00f3w dydaktycznych i badawczych. W ostatnich latach Wydzia\u0142 przyjmuje rocznie oko\u0142o 300 student\u00f3w na studia stacjonarne i tak\u0105 sam\u0105 liczb\u0119 os\u00f3b na studia niestacjonarne. Og\u00f3lna liczba student\u00f3w na pocz\u0105tku roku akademickiego wynosi\u0142a oko\u0142o 2500.<\/p>\n<p>Wydzia\u0142 In\u017cynierii L\u0105dowej oferuje studentom trzy specjalno\u015bci: Konstrukcje Budowlane i In\u017cynierskie, In\u017cynieria Komunikacyjna oraz In\u017cynieria Produkcji Budowlanej. W ramachspecjalizacji dodatkowo oferowane s\u0105 nast\u0119puj\u0105ce kursy dyplomowe: Teoria Konstrukcji oraz Mosty i Budowle Podziemne. Od RA 2008\/9 na studiach stacjonarnych pierwszego stopnia jest tak\u017ce dost\u0119pna specjalno\u015b\u0107 Budownictwo Energooszcz\u0119dne. <\/p>\n<p>Wydzia\u0142 zatrudnia ponad 150 pracownik\u00f3w na etatach naukowo-dydaktycznych w tym ponad 20 profesor\u00f3w (z czego wi\u0119kszo\u015b\u0107 z tytu\u0142em naukowym), a tak\u017ce adiunkt\u00f3w ze stopniem doktora habilitowanego oraz adiunkt\u00f3w ze stopniem doktora. Kadr\u0119 Wydzia\u0142u tworzy ponadto grupa ponad 80 os\u00f3b personelu techniczno-administracyjnego.<\/p>\n<p>Wydzia\u0142 sk\u0142ada si\u0119 z nast\u0119puj\u0105cych jednostek organizacyjnych: Instytutu Dr\u00f3g i Most\u00f3w oraz Instytutu In\u017cynierii Budowlanej.<\/p>\n<p>Wydzia\u0142 wsp\u00f3\u0142pracuje z wieloma uczelniami zagranicznymi, w tym z Uniwersytetem Michigan w Stanach Zjednoczonych, Politechnik\u0105 w Darmstadt, Politechnik\u0105 Gedymina w Wilnie, Moskiewsk\u0105 Akademi\u0105 Budownictwa oraz Akademi\u0105 Budownictwa i Architektury w Dniepropietrowsku, Uniwersytetem w Liege, Uniwersytetem Technicznym (RWTH) w Aachen, Katolickim Uniwersytetem w Leuven, Instytutem Badawczym (IRMA) w Lublianie oraz Instytutem Technologii i Norm (NIST) w Gaithersburgu. <a href=\"http:\/\/www.leonardo.il.pw.edu.pl\/\" target=\"_blank\">Informacja o projekcie na stronie organizacji.<\/a><\/p>\n<p>&nbsp;<\/p>\n<p><a href=\"http:\/\/www.fundacionlaboral.org\/\" target=\"_blank\">Fundaci\u00f3n Laboral de la Construcci\u00f3n, ES<\/a><\/p>\n<p><img loading=\"lazy\" decoding=\"async\" class=\"alignnone\" src=\"http:\/\/www.arcw.il.pw.edu.pl\/wp-content\/uploads\/2015\/05\/FLC-logo.jpg\" alt=\"\" width=\"271\" height=\"80\" \/><\/p>\n<p>Fundaci\u00f3n Laboral de la Construcci\u00f3n powsta\u0142a pod koniec 1992 roku jako organizacja non-profit, podmiot utworzony przez najbardziej reprezentatywne organizacje z sektora budowlanego w Hiszpanii.<br \/>\nJej celem s\u0105:<\/p>\n<ul>\n<li>Rozwoju Kszta\u0142cenia Zawodowego, kursy u\u017cytkowania maszyny i ich konserwacji.<\/li>\n<li>Wspieranie bada\u0144, rozwoju oraz promocji dzia\u0142a\u0144 na rzecz poprawy bezpiecze\u0144stwa i higieny pracy.<\/li>\n<li>Promowanie poprawy warunk\u00f3w na stanowiskach pracy oraz wydawanie i monitorowanie kart kwalifikacji zawodowych<\/li>\n<\/ul>\n<p><a href=\"http:\/\/www.fundacionlaboral.org\/formacion\/internacional\/herramientas\/proyecto\/arcw\" target=\"_blank\">Informacja o projekcie na stronie organizacji.<\/a><br \/>\n&nbsp;<\/p>\n<p><a href=\"http:\/\/www.uv.es\/\" target=\"_blank\">Universitat de VALENCIA, ES<\/a><\/p>\n<p><img loading=\"lazy\" decoding=\"async\" class=\"alignnone\" src=\"http:\/\/www.arcw.il.pw.edu.pl\/wp-content\/uploads\/2015\/05\/UV-logo.gif\" alt=\"\" width=\"203\" height=\"200\" \/><\/p>\n<p>Universitat de Valencia powsta\u0142 ponad pi\u0119\u0107 wiek\u00f3w. Obecnie jest nowoczesn\u0105 uczelni\u0105 oferuj\u0105c\u0105 studia w r\u00f3\u017cnych dziedzinach wiedzy: nauki eksperymentalne; kierunki in\u017cynierskie; nauki o zdrowiu; humanistyczne; nauki spo\u0142eczne, ekonomiczne i prawne; pedagogika. IRTIC jest multidyscyplinarnym centrum R&amp;D w ramach Uniwersytetu Walencji. Zosta\u0142o ono utworzone w 1991 roku. W ci\u0105gu ostatnich 22 lat instytut pracuje w zakresie technologii informacyjno-komunikacyjnych. W 1992 roku rozpocz\u0119to badania w dziedzinach Grafiki komputerowej i wirtualnej rzeczywisto\u015bci. Obecnie instytut zatrudnia ponad 40 os\u00f3b, pracuj\u0105cych g\u0142\u00f3wnie w obszarach rzeczywisto\u015bci wirtualnej (Virtual Reality), rzeczywisto\u015bci rozszrzonej (Augmented Reality). W ci\u0105gu ostatnich 10 lat grupa opracowa\u0142a kilka projekt\u00f3w szkoleniowych w tematyce Augmented Reality, zar\u00f3wno na szczeblu krajowym, jak i mi\u0119dzynarodowym. <a href=\"http:\/\/www.uv.es\/uvweb\/institut-universitario-investigacion-robotica-tecnologiasinformacion-comunicacion-IRTIC\/es\/grupos-investigacion\/artec\/proyectos-actuales\/arcw-1285895459470\/ProjecteInves.html?id=1285910830670\" target=\"_blank\">Informacja o projekcie na stronie organizacji.<\/a><\/p>\n<p>&nbsp;<\/p>\n<p><a href=\"http:\/\/www.eljako-al.pl\/\" target=\"_blank\">ELJAKO-AL Sp. z o.o., PL<\/a><\/p>\n<p><img loading=\"lazy\" decoding=\"async\" class=\"alignnone\" src=\"http:\/\/www.arcw.il.pw.edu.pl\/wp-content\/uploads\/2015\/05\/ELJAKO_logo2.jpg\" alt=\"\" width=\"226\" height=\"46\" \/><\/p>\n<p>Od 1990 roku firma &#8220;ELJAKO-AL&#8221; specjalizuje si\u0119 w projektowaniu, prefabrykacji, dostawie i monta\u017cu lekkich \u015bcian os\u0142onowych, \u015blusarki aluminiowej zewn\u0119trznej i wewn\u0119trznej w tym drzwi przeciwpo\u017carowych EI, \u015bwietlik\u00f3w oraz szk\u0142a mocowanego punktowo w oparciu o wszystkie dost\u0119pne na rynku systemy.<\/p>\n<p>W swojej ofercie posiada r\u00f3wnie\u017c elewacje z kaset z blachy aluminiowej lakierowanej proszkowo, (wykonywanych w oparciu o w\u0142asne rozwi\u0105zania techniczne), a tak\u017ce ok\u0142adziny aluminiowe z p\u0142yt kompozytowych oraz \u017caluzje elewacyjne i przeciws\u0142oneczne, a tak\u017ce elementy &#8220;ma\u0142ej architektury&#8221; ze stali lakierowanej proszkowo i kwasoodpornej &#8211; zadaszenia, ogrodzenia itp.<\/p>\n<p>Firma kompleksowo wykonuje elewacje wraz z ok\u0142adzinami kamiennymi, ok\u0142adzinami z blachy cynkowo-tytanowej, tynkami, automatyk\u0105 drzwiow\u0105 i oddymiaj\u0105c\u0105 oraz elementy i obudowy ze stali nierdzewnej.<\/p>\n","protected":false},"excerpt":{"rendered":"<p>Promotor: Polskie Stowarzyszenie Mened\u017cer\u00f3w Budownictwa, PL PSMB powo\u0142ano we wsp\u00f3\u0142pracy z The Association of European Building Surveyors and Construction Experts (AEEBC) oraz The Chartered Institute of Building (CIOB) \u2013 mi\u0119dzynarodowymi organizacjami zrzeszaj\u0105cymi podmioty i instytucje pa\u0144stw europejskich, w celu kszta\u0142cenia i certyfikacji kwalifikacji mened\u017cerskich kadr budownictwa. PSMB dzia\u0142a na zasadzie non profit nie korzystaj\u0105c z &hellip; <a href=\"https:\/\/www.arcw.il.pw.edu.pl\/?page_id=52&#038;lang=pl\" class=\"more-link\">Continue reading <span class=\"screen-reader-text\">Partnerstwo<\/span> <span class=\"meta-nav\">&rarr;<\/span><\/a><\/p>\n","protected":false},"author":1,"featured_media":0,"parent":0,"menu_order":0,"comment_status":"closed","ping_status":"closed","template":"","meta":{"ngg_post_thumbnail":0,"footnotes":""},"class_list":["post-52","page","type-page","status-publish","hentry"],"_links":{"self":[{"href":"https:\/\/www.arcw.il.pw.edu.pl\/index.php?rest_route=\/wp\/v2\/pages\/52","targetHints":{"allow":["GET"]}}],"collection":[{"href":"https:\/\/www.arcw.il.pw.edu.pl\/index.php?rest_route=\/wp\/v2\/pages"}],"about":[{"href":"https:\/\/www.arcw.il.pw.edu.pl\/index.php?rest_route=\/wp\/v2\/types\/page"}],"author":[{"embeddable":true,"href":"https:\/\/www.arcw.il.pw.edu.pl\/index.php?rest_route=\/wp\/v2\/users\/1"}],"replies":[{"embeddable":true,"href":"https:\/\/www.arcw.il.pw.edu.pl\/index.php?rest_route=%2Fwp%2Fv2%2Fcomments&post=52"}],"version-history":[{"count":12,"href":"https:\/\/www.arcw.il.pw.edu.pl\/index.php?rest_route=\/wp\/v2\/pages\/52\/revisions"}],"predecessor-version":[{"id":545,"href":"https:\/\/www.arcw.il.pw.edu.pl\/index.php?rest_route=\/wp\/v2\/pages\/52\/revisions\/545"}],"wp:attachment":[{"href":"https:\/\/www.arcw.il.pw.edu.pl\/index.php?rest_route=%2Fwp%2Fv2%2Fmedia&parent=52"}],"curies":[{"name":"wp","href":"https:\/\/api.w.org\/{rel}","templated":true}]}}